{"id":12954,"date":"2020-08-27T08:23:10","date_gmt":"2020-08-27T08:23:10","guid":{"rendered":"https:\/\/grow-mset.com\/?page_id=12954"},"modified":"2026-03-29T11:54:06","modified_gmt":"2026-03-29T11:54:06","slug":"datenschutz","status":"publish","type":"page","link":"https:\/\/grow-mset.com\/en\/datenschutz\/","title":{"rendered":"Datenschutzerkl\u00e4rung"},"content":{"rendered":"<div data-elementor-type=\"wp-page\" data-elementor-id=\"12954\" class=\"elementor elementor-12954\">\n\t\t\t\t\t\t<section class=\"elementor-section elementor-top-section elementor-element elementor-element-a2ec18c elementor-section-boxed elementor-section-height-default elementor-section-height-default sc_fly_static\" data-id=\"a2ec18c\" data-element_type=\"section\" data-e-type=\"section\" data-settings=\"{&quot;background_background&quot;:&quot;classic&quot;}\">\n\t\t\t\t\t\t<div class=\"elementor-container elementor-column-gap-extended\">\n\t\t\t\t\t<div class=\"elementor-column elementor-col-100 elementor-top-column elementor-element elementor-element-e4f67bc sc_content_align_inherit sc_layouts_column_icons_position_left sc_fly_static\" data-id=\"e4f67bc\" data-element_type=\"column\" data-e-type=\"column\">\n\t\t\t<div class=\"elementor-widget-wrap elementor-element-populated\">\n\t\t\t\t\t\t<div class=\"elementor-element elementor-element-fc87c00 sc_fly_static elementor-widget elementor-widget-text-editor\" data-id=\"fc87c00\" data-element_type=\"widget\" data-e-type=\"widget\" data-widget_type=\"text-editor.default\">\n\t\t\t\t<div class=\"elementor-widget-container\">\n\t\t\t\t\t\t\t\t\t<p data-start=\"224\" data-end=\"563\">In dieser Datenschutzerkl\u00e4rung informieren wir Sie \u00fcber die wesentlichen Aspekte der Verarbeitung personenbezogener Daten im Zusammenhang mit unserer Webseite. Wir erheben und verarbeiten personenbezogene Daten ausschlie\u00dflich auf Basis der geltenden gesetzlichen Vorschriften (Datenschutz-Grundverordnung, Telekommunikationsgesetz 2003).<\/p>\n<p data-start=\"565\" data-end=\"797\">Beim Besuch unserer Webseite werden automatisch Ihre IP-Adresse sowie der Beginn und das Ende Ihrer Sitzung erfasst. Dies ist technisch erforderlich und stellt somit ein berechtigtes Interesse gem\u00e4\u00df Art. 6 Abs. 1 lit. f DSGVO dar.<\/p>\n<hr data-start=\"799\" data-end=\"802\">\n<h3 data-section-id=\"6hxozf\" data-start=\"804\" data-end=\"823\">Kontaktaufnahme<\/h3>\n<p data-start=\"825\" data-end=\"1158\">Wenn Sie mit uns in Kontakt treten, sei es \u00fcber das Kontaktformular auf unserer Webseite oder per E-Mail, werden die von Ihnen \u00fcbermittelten Daten f\u00fcr die Bearbeitung Ihrer Anfrage oder f\u00fcr eventuelle Anschlussfragen f\u00fcr sechs Monate gespeichert. Ohne Ihre ausdr\u00fcckliche Einwilligung erfolgt keine Weitergabe Ihrer Daten an Dritte.<\/p>\n<hr data-start=\"1160\" data-end=\"1163\">\n<h3 data-section-id=\"1o6qbw1\" data-start=\"1165\" data-end=\"1176\">Cookies<\/h3>\n<p data-start=\"1178\" data-end=\"1567\">Unsere Webseite verwendet sogenannte Cookies, also kleine Textdateien, die \u00fcber den Browser auf Ihrem Endger\u00e4t gespeichert werden. Cookies richten keinen Schaden an und helfen uns, unsere Webseite nutzerfreundlich zu gestalten. Manche Cookies bleiben auf Ihrem Endger\u00e4t gespeichert, bis Sie diese l\u00f6schen, und erm\u00f6glichen es uns, Ihren Browser bei Ihrem n\u00e4chsten Besuch wiederzuerkennen.<\/p>\n<p data-start=\"1569\" data-end=\"1803\">Sie k\u00f6nnen die Speicherung von Cookies \u00fcber die Einstellungen Ihres Browsers steuern und nur im Einzelfall erlauben. Bitte beachten Sie, dass bei Deaktivierung von Cookies die Funktionalit\u00e4t unserer Webseite eingeschr\u00e4nkt sein kann.<\/p>\n<hr data-start=\"1805\" data-end=\"1808\">\n<h3 data-section-id=\"5t4m27\" data-start=\"1810\" data-end=\"1826\">Google Fonts<\/h3>\n<p data-start=\"1828\" data-end=\"1908\">Unsere Webseite verwendet Schriftarten von \u201eGoogle Fonts\u201c. Dienstanbieter ist:<\/p>\n<p data-start=\"1910\" data-end=\"2011\"><strong data-start=\"1910\" data-end=\"1936\">Google Ireland Limited<\/strong><br data-start=\"1936\" data-end=\"1939\">Gordon House, Barrow Street<br data-start=\"1966\" data-end=\"1969\">Dublin 4, Ireland<br data-start=\"1986\" data-end=\"1989\">Tel: +353 1 543 1000<\/p>\n<p data-start=\"2013\" data-end=\"2215\">Beim Laden der Webseite l\u00e4dt Ihr Browser diese Schriftarten und speichert sie im Cache. Dabei k\u00f6nnen Daten an Google \u00fcbertragen werden, und Google k\u00f6nnte Cookies setzen oder Nutzungsdaten analysieren.<\/p>\n<p data-start=\"2217\" data-end=\"2416\">Die Nutzung von Google Fonts dient der Optimierung unseres Angebots und einer einheitlichen Darstellung unserer Inhalte. Dies stellt ein berechtigtes Interesse gem\u00e4\u00df Art. 6 Abs. 1 lit. f DSGVO dar.<\/p>\n<p data-start=\"2418\" data-end=\"2559\">Weitere Informationen zu Google Fonts finden Sie hier:<br data-start=\"2472\" data-end=\"2475\"><a href=\"https:\/\/developers.google.com\/fonts\/faq\" target=\"_new\" rel=\"noopener\" data-start=\"2475\" data-end=\"2557\">https:\/\/developers.google.com\/fonts\/faq<\/a><\/p>\n<p data-start=\"2561\" data-end=\"2704\">Informationen zum Umgang von Google mit Nutzerdaten:<br data-start=\"2613\" data-end=\"2616\"><a href=\"https:\/\/policies.google.com\/privacy?hl=de\" target=\"_new\" rel=\"noopener\" data-start=\"2616\" data-end=\"2702\">https:\/\/policies.google.com\/privacy?hl=de<\/a><\/p>\n<p data-start=\"2706\" data-end=\"2904\">Google verarbeitet die Daten auch in den USA, hat sich jedoch dem EU-US Privacy Shield unterworfen:<br data-start=\"2805\" data-end=\"2808\"><a href=\"https:\/\/www.privacyshield.gov\/EU-US-Framework\" target=\"_new\" rel=\"noopener\" data-start=\"2808\" data-end=\"2902\">https:\/\/www.privacyshield.gov\/EU-US-Framework<\/a><\/p>\n<hr data-start=\"2906\" data-end=\"2909\">\n<h3 data-section-id=\"1pch0x\" data-start=\"2911\" data-end=\"2933\">Server-Log-Dateien<\/h3>\n<p data-start=\"2935\" data-end=\"3107\">Beim Besuch unserer Webseite erhebt der Provider automatisch bestimmte Informationen, die in sogenannten Server-Log-Dateien gespeichert werden. Dazu geh\u00f6ren insbesondere:<\/p>\n<ul data-start=\"3109\" data-end=\"3419\">\n<li data-section-id=\"18hbvxs\" data-start=\"3109\" data-end=\"3137\">IP-Adresse oder Hostname<\/li>\n<li data-section-id=\"17al0ij\" data-start=\"3138\" data-end=\"3161\">Verwendeter Browser<\/li>\n<li data-section-id=\"uljldv\" data-start=\"3162\" data-end=\"3223\">Aufenthaltsdauer auf der Webseite sowie Datum und Uhrzeit<\/li>\n<li data-section-id=\"h87suy\" data-start=\"3224\" data-end=\"3259\">Aufgerufene Seiten der Webseite<\/li>\n<li data-section-id=\"1dt4cyq\" data-start=\"3260\" data-end=\"3302\">Spracheinstellungen und Betriebssystem<\/li>\n<li data-section-id=\"1swgzzw\" data-start=\"3303\" data-end=\"3383\">\u201eLeaving-Page\u201c (welche URL Sie beim Verlassen der Webseite aufgerufen haben)<\/li>\n<li data-section-id=\"114xuec\" data-start=\"3384\" data-end=\"3419\">ISP (Internet Service Provider)<\/li>\n<\/ul>\n<p data-start=\"3421\" data-end=\"3671\">Diese Informationen werden nicht mit personenbezogenen Daten verkn\u00fcpft und dienen nicht der Identifikation einzelner Personen. Der Webseitenbetreiber beh\u00e4lt sich jedoch das Recht vor, diese Daten im Falle von rechtswidrigen Aktivit\u00e4ten auszuwerten.<\/p>\n<hr data-start=\"3673\" data-end=\"3676\">\n<h3 data-section-id=\"ssexau\" data-start=\"3678\" data-end=\"3715\">Ihre Rechte als betroffene Person<\/h3>\n<p data-start=\"3717\" data-end=\"3743\">Sie haben das Recht auf:<\/p>\n<ul data-start=\"3745\" data-end=\"3956\">\n<li data-section-id=\"pf65a0\" data-start=\"3745\" data-end=\"3786\">Auskunft \u00fcber die gespeicherten Daten<\/li>\n<li data-section-id=\"13n5uf3\" data-start=\"3787\" data-end=\"3822\">Berichtigung fehlerhafter Daten<\/li>\n<li data-section-id=\"1xcjqwv\" data-start=\"3823\" data-end=\"3845\">L\u00f6schung der Daten<\/li>\n<li data-section-id=\"9enzfe\" data-start=\"3846\" data-end=\"3880\">Einschr\u00e4nkung der Verarbeitung<\/li>\n<li data-section-id=\"1v8ne7e\" data-start=\"3881\" data-end=\"3931\">Widerspruch und Widerruf zur Datenverarbeitung<\/li>\n<li data-section-id=\"1wshal5\" data-start=\"3932\" data-end=\"3956\">Daten\u00fcbertragbarkeit<\/li>\n<\/ul>\n<p data-start=\"3958\" data-end=\"4154\">Wenn Sie den Verdacht haben, dass Ihre Daten rechtswidrig verarbeitet werden, k\u00f6nnen Sie sich an uns unter <strong data-start=\"4065\" data-end=\"4102\"><a rel=\"noopener\" data-start=\"4067\" data-end=\"4100\">smoreira.weitgruber@grow-mset.com<\/a><\/strong> oder an die zust\u00e4ndige Datenschutzbeh\u00f6rde wenden.<\/p>\n<hr data-start=\"4156\" data-end=\"4159\">\n<h3 data-section-id=\"7xwz9i\" data-start=\"4161\" data-end=\"4172\">Kontakt<\/h3>\n<p data-start=\"4174\" data-end=\"4309\"><strong data-start=\"4174\" data-end=\"4197\">Webseitenbetreiber:<\/strong> Sandra Moreira-Weitgruber<br data-start=\"4223\" data-end=\"4226\"><strong data-start=\"4226\" data-end=\"4244\">Telefonnummer:<\/strong><span data-start=\"4226\" data-end=\"4244\">&nbsp;+43 677 61897271<\/span><br data-start=\"4259\" data-end=\"4262\"><strong data-start=\"4262\" data-end=\"4273\">E-Mail:<\/strong> <a rel=\"noopener\" data-start=\"4274\" data-end=\"4307\">smoreira.weitgruber@grow-mset.com<\/a><\/p>\t\t\t\t\t\t\t\t<\/div>\n\t\t\t\t<\/div>\n\t\t\t\t\t<\/div>\n\t\t<\/div>\n\t\t\t\t\t<\/div>\n\t\t<\/section>\n\t\t\t\t<section class=\"elementor-section elementor-top-section elementor-element elementor-element-1ce0fbce elementor-section-boxed elementor-section-height-default elementor-section-height-default sc_fly_static\" data-id=\"1ce0fbce\" data-element_type=\"section\" data-e-type=\"section\">\n\t\t\t\t\t\t<div class=\"elementor-container elementor-column-gap-extended\">\n\t\t\t\t\t<div class=\"elementor-column elementor-col-100 elementor-top-column elementor-element elementor-element-71737124 sc_content_align_inherit sc_layouts_column_icons_position_left sc_fly_static\" data-id=\"71737124\" data-element_type=\"column\" data-e-type=\"column\">\n\t\t\t<div class=\"elementor-widget-wrap elementor-element-populated\">\n\t\t\t\t\t\t<div class=\"elementor-element elementor-element-653057c1 sc_fly_static elementor-widget elementor-widget-spacer\" data-id=\"653057c1\" data-element_type=\"widget\" data-e-type=\"widget\" data-widget_type=\"spacer.default\">\n\t\t\t\t<div class=\"elementor-widget-container\">\n\t\t\t\t\t\t\t<div class=\"elementor-spacer\">\n\t\t\t<div class=\"elementor-spacer-inner\"><\/div>\n\t\t<\/div>\n\t\t\t\t\t\t<\/div>\n\t\t\t\t<\/div>\n\t\t\t\t\t<\/div>\n\t\t<\/div>\n\t\t\t\t\t<\/div>\n\t\t<\/section>\n\t\t\t\t<\/div>","protected":false},"excerpt":{"rendered":"<p>In dieser Datenschutzerkl\u00e4rung informieren wir Sie \u00fcber die wesentlichen Aspekte der Verarbeitung personenbezogener Daten im Zusammenhang mit unserer Webseite. Wir erheben und verarbeiten personenbezogene Daten ausschlie\u00dflich auf Basis der geltenden&hellip;<\/p>","protected":false},"author":1,"featured_media":0,"parent":0,"menu_order":0,"comment_status":"closed","ping_status":"closed","template":"","meta":{"footnotes":""},"class_list":["post-12954","page","type-page","status-publish","hentry"],"_hostinger_reach_plugin_has_subscription_block":false,"_hostinger_reach_plugin_is_elementor":false,"_links":{"self":[{"href":"https:\/\/grow-mset.com\/en\/wp-json\/wp\/v2\/pages\/12954","targetHints":{"allow":["GET"]}}],"collection":[{"href":"https:\/\/grow-mset.com\/en\/wp-json\/wp\/v2\/pages"}],"about":[{"href":"https:\/\/grow-mset.com\/en\/wp-json\/wp\/v2\/types\/page"}],"author":[{"embeddable":true,"href":"https:\/\/grow-mset.com\/en\/wp-json\/wp\/v2\/users\/1"}],"replies":[{"embeddable":true,"href":"https:\/\/grow-mset.com\/en\/wp-json\/wp\/v2\/comments?post=12954"}],"version-history":[{"count":8,"href":"https:\/\/grow-mset.com\/en\/wp-json\/wp\/v2\/pages\/12954\/revisions"}],"predecessor-version":[{"id":21833,"href":"https:\/\/grow-mset.com\/en\/wp-json\/wp\/v2\/pages\/12954\/revisions\/21833"}],"wp:attachment":[{"href":"https:\/\/grow-mset.com\/en\/wp-json\/wp\/v2\/media?parent=12954"}],"curies":[{"name":"wp","href":"https:\/\/api.w.org\/{rel}","templated":true}]}}